{"id":6802,"date":"2021-10-13T15:26:39","date_gmt":"2021-10-13T14:26:39","guid":{"rendered":"https:\/\/selvamarbusinesscampus.com\/selvamar\/privacy-policy\/"},"modified":"2022-07-19T10:03:20","modified_gmt":"2022-07-19T09:03:20","slug":"privacy-policy","status":"publish","type":"page","link":"https:\/\/selvamarbusinesscampus.com\/es\/privacy-policy\/","title":{"rendered":"Pol\u00edtica de Privacidad"},"content":{"rendered":"[vc_row type=\u00bbin_container\u00bb full_screen_row_position=\u00bbmiddle\u00bb column_margin=\u00bbdefault\u00bb column_direction=\u00bbdefault\u00bb column_direction_tablet=\u00bbdefault\u00bb column_direction_phone=\u00bbdefault\u00bb scene_position=\u00bbcenter\u00bb text_color=\u00bbdark\u00bb text_align=\u00bbleft\u00bb row_border_radius=\u00bbnone\u00bb row_border_radius_applies=\u00bbbg\u00bb overlay_strength=\u00bb0.3&#8243; gradient_direction=\u00bbleft_to_right\u00bb shape_divider_position=\u00bbbottom\u00bb bg_image_animation=\u00bbnone\u00bb][vc_column column_padding=\u00bbno-extra-padding\u00bb column_padding_tablet=\u00bbinherit\u00bb column_padding_phone=\u00bbinherit\u00bb column_padding_position=\u00bball\u00bb column_element_spacing=\u00bbdefault\u00bb background_color_opacity=\u00bb1&#8243; background_hover_color_opacity=\u00bb1&#8243; column_shadow=\u00bbnone\u00bb column_border_radius=\u00bbnone\u00bb column_link_target=\u00bb_self\u00bb gradient_direction=\u00bbleft_to_right\u00bb overlay_strength=\u00bb0.3&#8243; width=\u00bb1\/1&#8243; tablet_width_inherit=\u00bbdefault\u00bb tablet_text_alignment=\u00bbdefault\u00bb phone_text_alignment=\u00bbdefault\u00bb bg_image_animation=\u00bbnone\u00bb border_type=\u00bbsimple\u00bb column_border_width=\u00bbnone\u00bb column_border_style=\u00bbsolid\u00bb][vc_column_text]\n<h3 style=\"text-align: center;\">Pol\u00edtica de Privacidad<\/h3>\n<p><span style=\"font-weight: 400;\">CAT 2022 OFFICE COMPLEX S.L<\/span>, de conformidad con la legislaci\u00f3n aplicable en materia de protecci\u00f3n de datos de car\u00e1cter personal, informa a los usuarios del sitio web https:\/\/selvamarcampusempresariales.com<\/p>\n<p>(en adelante, el Sitio Web) sobre la Pol\u00edtica de Privacidad que ser\u00e1 de aplicaci\u00f3n en el tratamiento de los datos personales facilitados voluntariamente por el Usuario al acceder al sitio web de SELVAMAR.<\/p>\n<p>El usuario, al facilitar a CAT 2022 OFFICE COMPLEX S.L. sus datos personales a trav\u00e9s de los formularios electr\u00f3nicos o del apartado de contacto del Sitio Web y, en su caso, al marcar la correspondiente casilla de aceptaci\u00f3n, consiente expresamente en el tratamiento por parte de CAT 2022 OFFICE COMPLEX S.L. de dichos datos de conformidad con la presente Pol\u00edtica de Privacidad.<\/p>\n<p>Si el usuario tiene alguna duda sobre esta Pol\u00edtica de Privacidad o sobre c\u00f3mo CAT 2022 OFFICE COMPLEX S.L. trata su informaci\u00f3n personal, puede ponerse en contacto con nosotros en la direcci\u00f3n de correo electr\u00f3nico info@selvamarcampusempresariales.com<\/p>\n<p><strong>\u00bfQui\u00e9n es el controlador de datos? <\/strong><\/p>\n<p>El responsable del tratamiento de sus datos es:<\/p>\n<p>CAT 2022 OFFICE COMPLEX S.L.<\/p>\n<p>N\u00famero de CIF: B88525696<br \/>\nDirecci\u00f3n: Avenida Europa, 18. 28108, Alcobendas (madrid). Espa\u00f1a.<\/p>\n<p>Correo electr\u00f3nico: info@selvamarcampusempresariales.com<\/p>\n<p><strong>\u00bfQu\u00e9 datos personales recopilamos y para qu\u00e9 los utilizamos? <\/strong><\/p>\n<p>CAT 2022 OFFICE COMPLEX S.L. con el fin de poder prestar sus servicios, recibe y trata datos recabados directamente del usuario a trav\u00e9s del formulario de contacto o en el env\u00edo de correos electr\u00f3nicos.<\/p>\n<p>El usuario acepta el tratamiento de sus datos con las siguientes finalidades:<\/p>\n<ul>\n<li><strong>Datos facilitados a trav\u00e9s del formulario de contacto: <\/strong>gestionar y atender las solicitudes de informaci\u00f3n, consultas, reclamaciones o cualquier otra petici\u00f3n realizada por el usuario.<\/li>\n<\/ul>\n<p>El usuario ser\u00e1 el \u00fanico responsable de la veracidad de los datos facilitados a <span style=\"font-weight: 400;\">CAT 2022 OFFICE COMPLEX S.L.<\/span><\/p>\n<p><strong>\u00bfCu\u00e1l es la base legal para el procesamiento? <\/strong><\/p>\n<p>La base para el tratamiento de los datos es el consentimiento expreso prestado por el usuario al marcar la casilla de aceptaci\u00f3n para el env\u00edo de una solicitud de informaci\u00f3n, consulta, reclamaci\u00f3n o cualquier otro tipo de solicitud.<\/p>\n<p>Los campos del formulario de contacto se consideran campos obligatorios para gestionar el objeto del formulario. En caso de que decida no completar dichos campos, no podremos atender su solicitud.<\/p>\n<p>Los consentimientos prestados para las finalidades mencionadas son independientes por lo que el usuario podr\u00e1 retirar cualquiera de ellos, sin perjuicio de los dem\u00e1s, en cualquier momento, sin que ello afecte a la licitud del tratamiento basado en el consentimiento previo a su retirada.<\/p>\n<p>Para retirar el consentimiento prestado, el usuario deber\u00e1 dirigirse por escrito a <span style=\"font-weight: 400;\">CAT 2022 OFFICE COMPLEX S.L.<\/span> a las direcciones detalladas en el apartado \u201c\u00bfQu\u00e9 derechos tiene el usuario?\u201d.<\/p>\n<p><strong>\u00bfCu\u00e1nto tiempo conservaremos los datos personales? <\/strong><\/p>\n<p>Sus datos personales se conservar\u00e1n mientras sean necesarios para las finalidades mencionadas y mientras el interesado no se oponga al tratamiento o solicite su supresi\u00f3n.<\/p>\n<p>En todo caso, los datos personales se conservar\u00e1n durante los plazos de prescripci\u00f3n aplicables para la atenci\u00f3n de las posibles responsabilidades legales que pudieran derivarse del tratamiento.<\/p>\n<p><strong>\u00bfA qui\u00e9n comunicamos su informaci\u00f3n personal? <\/strong><\/p>\n<p>Los datos personales podr\u00e1n ser comunicados a terceros a los que <span style=\"font-weight: 400;\">CAT 2022 OFFICE COMPLEX S.L.<\/span> haya encargado un servicio relacionado con la finalidad del tratamiento, siempre cumpliendo con los requisitos establecidos por la legislaci\u00f3n vigente.<\/p>\n<p>En este sentido, para las finalidades descritas, podremos comunicar sus datos a las dos empresas encargadas de la comercializaci\u00f3n de este activo inmobiliario para <span style=\"font-weight: 400;\">CAT 2022 OFFICE COMPLEX S.L.<\/span>:<\/p>\n<p>CAT 2022 OFFICE COMPLEX S.L.<\/p>\n<p>N\u00famero de CIF: B88525696<br \/>\nDirecci\u00f3n: Avenida Europa, 18. 28108, Alcobendas (madrid). Espa\u00f1a.<\/p>\n<p><strong>\u00bfQu\u00e9 derechos tiene el usuario?<\/strong><\/p>\n<p>Como titular de los datos personales, en cualquier momento podr\u00e1 ejercer sus derechos de acceso, rectificaci\u00f3n, supresi\u00f3n, portabilidad, limitaci\u00f3n u oposici\u00f3n al tratamiento, as\u00ed como a no ser objeto de una decisi\u00f3n basada \u00fanicamente en el tratamiento, incluida la elaboraci\u00f3n de perfiles. , escribiendo a <span style=\"font-weight: 400;\">CAT 2022 OFFICE COMPLEX S.L.<\/span> a una de las direcciones detalladas anteriormente.<\/p>\n<p>Direcci\u00f3n postal:\u00a0Avenida Europa, 18. 28108, Alcobendas (madrid). Espa\u00f1a.<\/p>\n<p>Correo electr\u00f3nico:\u00a0 info@selvamarcampusempresariales.com<\/p>\n<p>Asimismo, el usuario tiene derecho a presentar una reclamaci\u00f3n ante la Autoridad de Control competente (en Espa\u00f1a, la Agencia Espa\u00f1ola de Protecci\u00f3n de Datos: www.aepd.es ), cuando considere que no ha obtenido satisfacci\u00f3n del responsable del tratamiento en el ejercicio de sus derechos o considera que el tratamiento no se ajusta a la legislaci\u00f3n vigente.<\/p>\n<p><strong>Actualizaciones y cambios <\/strong><\/p>\n<p>En cualquier momento, <span style=\"font-weight: 400;\">CAT 2022 OFFICE COMPLEX S.L.<\/span> \u00a0podr\u00e1 modificar unilateralmente esta Pol\u00edtica de Privacidad sin previo aviso, en cuyo caso se informar\u00e1 oportunamente.[\/vc_column_text][\/vc_column][\/vc_row]\n","protected":false},"excerpt":{"rendered":"<p>[vc_row type=\u00bbin_container\u00bb full_screen_row_position=\u00bbmiddle\u00bb column_margin=\u00bbdefault\u00bb column_direction=\u00bbdefault\u00bb column_direction_tablet=\u00bbdefault\u00bb column_direction_phone=\u00bbdefault\u00bb scene_position=\u00bbcenter\u00bb text_color=\u00bbdark\u00bb text_align=\u00bbleft\u00bb row_border_radius=\u00bbnone\u00bb row_border_radius_applies=\u00bbbg\u00bb overlay_strength=\u00bb0.3&#8243; gradient_direction=\u00bbleft_to_right\u00bb shape_divider_position=\u00bbbottom\u00bb bg_image_animation=\u00bbnone\u00bb][vc_column column_padding=\u00bbno-extra-padding\u00bb column_padding_tablet=\u00bbinherit\u00bb column_padding_phone=\u00bbinherit\u00bb column_padding_position=\u00bball\u00bb column_element_spacing=\u00bbdefault\u00bb background_color_opacity=\u00bb1&#8243; background_hover_color_opacity=\u00bb1&#8243; column_shadow=\u00bbnone\u00bb column_border_radius=\u00bbnone\u00bb column_link_target=\u00bb_self\u00bb gradient_direction=\u00bbleft_to_right\u00bb overlay_strength=\u00bb0.3&#8243; width=\u00bb1\/1&#8243; tablet_width_inherit=\u00bbdefault\u00bb&#8230;<\/p>\n","protected":false},"author":1,"featured_media":0,"parent":0,"menu_order":0,"comment_status":"closed","ping_status":"open","template":"page-legales.php","meta":{"inline_featured_image":false},"_links":{"self":[{"href":"https:\/\/selvamarbusinesscampus.com\/es\/wp-json\/wp\/v2\/pages\/6802"}],"collection":[{"href":"https:\/\/selvamarbusinesscampus.com\/es\/wp-json\/wp\/v2\/pages"}],"about":[{"href":"https:\/\/selvamarbusinesscampus.com\/es\/wp-json\/wp\/v2\/types\/page"}],"author":[{"embeddable":true,"href":"https:\/\/selvamarbusinesscampus.com\/es\/wp-json\/wp\/v2\/users\/1"}],"replies":[{"embeddable":true,"href":"https:\/\/selvamarbusinesscampus.com\/es\/wp-json\/wp\/v2\/comments?post=6802"}],"version-history":[{"count":5,"href":"https:\/\/selvamarbusinesscampus.com\/es\/wp-json\/wp\/v2\/pages\/6802\/revisions"}],"predecessor-version":[{"id":7345,"href":"https:\/\/selvamarbusinesscampus.com\/es\/wp-json\/wp\/v2\/pages\/6802\/revisions\/7345"}],"wp:attachment":[{"href":"https:\/\/selvamarbusinesscampus.com\/es\/wp-json\/wp\/v2\/media?parent=6802"}],"curies":[{"name":"wp","href":"https:\/\/api.w.org\/{rel}","templated":true}]}}