{"id":6811,"date":"2022-05-02T11:33:12","date_gmt":"2022-05-02T10:33:12","guid":{"rendered":"https:\/\/selvamarbusinesscampus.com\/selvamar\/legal-notice\/"},"modified":"2022-07-11T15:38:50","modified_gmt":"2022-07-11T14:38:50","slug":"legal-notice","status":"publish","type":"page","link":"https:\/\/selvamarbusinesscampus.com\/es\/legal-notice\/","title":{"rendered":"Aviso Legal"},"content":{"rendered":"<h3 style=\"text-align: center;\">Aviso Legal<\/h3>\n<p><strong>IDENTIFICACI\u00d3N DEL TITULAR DE LA WEB <\/strong><\/p>\n<p>El presente Aviso Legal regula el uso del sitio web https:\/\/selvamarcampusempresariales.com<\/p>\n<p>(en adelante, el Sitio Web), del que es titular:<\/p>\n<p>Datos registrales: <b>CAT 2022 OFFICE COMPLEX S.L. <\/b><\/p>\n<p>Con CIF B88525696 , y domicilio en Avenida Europa, 18. 28108, Alcobendas, Madrid. Espa\u00f1a, en adelante \u201cSELVAMAR\u201d.<\/p>\n<p>Direcci\u00f3n de correo electr\u00f3nico: info@selvamarcampusempresariales.com<\/p>\n<p>Inscripci\u00f3n 1a.<\/p>\n<p><strong>CONDICIONES DE USO <\/strong><strong>\u2028<\/strong><\/p>\n<p>2.1 \u00a0Para utilizar este Sitio Web, el usuario debe ser mayor de edad y tener capacidad legal para celebrar contratos.<\/p>\n<p>2.2 \u00a0El acceso y uso de este Sitio Web atribuye la condici\u00f3n de Usuario, aceptando desde dicho acceso y\/o uso todas las cl\u00e1usulas<\/p>\n<p>de este Aviso Legal, sin ning\u00fan tipo de reserva. Por ello, recomendamos su lectura atenta cada vez que el Usuario acceda a este Sitio Web.<\/p>\n<p>Asimismo, el acceso y uso de este Sitio Web implica la expresa y completa aceptaci\u00f3n de la Pol\u00edtica de Privacidad y de Cookies facilitada al Usuario.<\/p>\n<p>En cualquier momento, SELVAMAR podr\u00e1 modificar unilateralmente, sin previo aviso, la presentaci\u00f3n y\/o configuraci\u00f3n de este Sitio Web, los servicios o contenidos prestados, as\u00ed como el presente Aviso Legal.<\/p>\n<p>El Usuario se obliga a hacer un uso adecuado de este Sitio Web, sus servicios y contenidos, de conformidad con los derechos fundamentales, la normativa vigente, la buena fe, los usos generalmente aceptados o el orden p\u00fablico y, en general, en los t\u00e9rminos y condiciones establecidos en este Aviso Legal . Queda prohibido cualquier uso con fines il\u00edcitos que infrinjan los derechos de SELVAMAR y\/o de terceros.<\/p>\n<p>2.5 En particular, el Usuario se obliga expresamente a:<\/p>\n<p>No realizar ninguna acci\u00f3n encaminada a da\u00f1ar, bloquear, inutilizar, sobrecargar temporal o permanentemente su funcionalidad, herramientas, contenido y\/o la infraestructura del Sitio Web, de forma que impida su normal uso.<\/p>\n<p>No utilizar ninguno de los materiales e informaci\u00f3n contenidos en este Sitio Web para los fines ilegales y expresamente prohibidos establecidos en estas cl\u00e1usulas; y que sean contrarios a los derechos e intereses de SELVAMAR y\/o de terceros.<\/p>\n<p>No realizar ninguna actuaci\u00f3n que, de cualquier forma, menoscabe la reputaci\u00f3n de<\/p>\n<p>SELVAMAR o de terceros, o constituya, en su caso, publicidad il\u00edcita, enga\u00f1osa, enga\u00f1osa o competencia desleal.<\/p>\n<p>No incorporar virus u otros elementos f\u00edsicos o electr\u00f3nicos que puedan da\u00f1ar o impedir el normal funcionamiento de la red, el sistema o equipos inform\u00e1ticos de SELVADEMAR o de terceros, o que puedan da\u00f1ar los documentos electr\u00f3nicos y ficheros almacenados en dichos dispositivos.<\/p>\n<p>2.6 Consecuencia del incumplimiento de cualquiera de las obligaciones a las que queda sometido el Usuario en relaci\u00f3n con este Aviso Legal, o en relaci\u00f3n con el presente regulaci\u00f3n relativa al acceso\/uso del Sitio Web.<\/p>\n<p>El Usuario responder\u00e1 de todos los da\u00f1os y perjuicios de toda naturaleza que SELVADEMAR o cualquier tercero pueda sufrir como<\/p>\n<p>2.7 SELVAMAR se reserva el derecho de interrumpir el servicio al Usuario que utilice este Sitio Web sin tener en cuenta lo expresado en este Aviso Legal.<\/p>\n<p><strong>INFORMACI\u00d3N SOBRE NUESTROS PROYECTOS <\/strong><\/p>\n<p>La informaci\u00f3n contenida en el Sitio Web de SELVADEMAR est\u00e1 relacionada con los servicios y la actividad a la que se dedica la empresa y tendr\u00e1 la consideraci\u00f3n de informaci\u00f3n introductoria.<\/p>\n<p>Las fotograf\u00edas, representaciones gr\u00e1ficas o iconogr\u00e1ficas, v\u00eddeos y, en general, los contenidos relativos a los proyectos ofrecidos a trav\u00e9s del Sitio Web de SELVAMAR, tienen como finalidad proporcionar la m\u00e1xima informaci\u00f3n, no obstante, el Usuario debe tener en cuenta que tienen una finalidad orientativa y , en consecuencia, no son exhaustivos.<\/p>\n<p>SELVAMAR no garantiza que los contenidos sean precisos o libres de error y en ning\u00fan caso tienen car\u00e1cter contractual o precontractual, pudiendo las especificaciones del proyecto (superficies, calidades, instalaciones, etc.) ser modificadas o variadas en funci\u00f3n de las necesidades t\u00e9cnicas. , necesidades legales y est\u00e9ticas.<\/p>\n<p><strong>PROPIEDAD INTELECTUAL E INDUSTRIAL <\/strong><\/p>\n<p>SELVAMAR, por s\u00ed o como cesionaria, es titular de los derechos de propiedad intelectual referidos al dominio del Sitio Web, as\u00ed como de la totalidad de los contenidos que aparecen en el Sitio Web, incluyendo, sin car\u00e1cter limitativo, todos los elementos que forman la apariencia visual, la imagen gr\u00e1fica y otros est\u00edmulos sensoriales de las p\u00e1ginas web que integran el Sitio Web &#8211; aspectos y comportamiento o look and feel-, marcas, logotipos, nombres comerciales, textos, cr\u00edticas y comentarios, im\u00e1genes, gr\u00e1ficos, dise\u00f1os, sonidos, bases de datos, programas, diagramas de flujo, presentaci\u00f3n, arquitectura de navegaci\u00f3n y los c\u00f3digos fuente.<\/p>\n<p>Salvo autorizaci\u00f3n expresa de SELVAMAR, queda prohibido reproducir, copiar, distribuir, permitir el acceso del p\u00fablico a trav\u00e9s de cualquier modalidad de comunicaci\u00f3n p\u00fablica, transformar o modificar la totalidad o parte de los contenidos incluidos en este Sitio Web.<\/p>\n<p>El Usuario se compromete a respetar los derechos de propiedad intelectual e industrial titularidad de SELVAMAR, aceptando que su incumplimiento puede ser considerado delito conforme al art\u00edculo 270 del C\u00f3digo Penal espa\u00f1ol.<\/p>\n<p><strong>PROCEDIMIENTO EN CASO DE INFRACCI\u00d3N DE DERECHOS DE PROPIEDAD <\/strong><\/p>\n<p><strong>INTELECTUAL<\/strong><strong>\u2028<\/strong><\/p>\n<p><strong>En el caso de que cualquier Usuario o un tercero considere que cualquiera de los contenidos ha sido introducido en este <\/strong><\/p>\n<p><strong>Sitio Web con infracci\u00f3n de sus derechos de propiedad intelectual, se ruega lo notifique de <\/strong><\/p>\n<p><strong>forma inmediata a SELVAMAR por escrito a la direcci\u00f3n electr\u00f3nica info@selvamarcampusempresariales.com<\/strong><strong>,<\/strong><strong> con informaci\u00f3n completa y precisa. sobre sus datos personales e indicando los derechos supuestamente infringidos. <\/strong><\/p>\n<p><strong>RESPONSABILIDAD <\/strong><\/p>\n<p>Selvamar no ser\u00e1 responsable directa ni subsidiariamente de:<\/p>\n<p>La calidad del servicio, la velocidad de acceso o el buen funcionamiento, ni se responsabiliza de la disponibilidad o continuidad del funcionamiento del Sitio Web.<\/p>\n<p>Los da\u00f1os que puedan causarse en los equipos del Usuario por la utilizaci\u00f3n de este Sitio Web, por la presencia de virus inform\u00e1ticos u otros elementos que puedan producir alteraciones o errores en los sistemas inform\u00e1ticos (software y hardware), documentos electr\u00f3nicos y ficheros del Usuario o cualquier tercero.<\/p>\n<p>Circunstancias en las que un tercero, quebrantando las medidas de seguridad establecidas, acceda a los mensajes o los utilice para la difusi\u00f3n de virus inform\u00e1ticos.<\/p>\n<p>Los vicios y defectos de toda clase de los contenidos transmitidos, difundidos, almacenados o puestos a disposici\u00f3n.<\/p>\n<p>La licitud, fiabilidad y utilidad de los contenidos transmitidos por los usuarios a trav\u00e9s de la utilizaci\u00f3n del sitio web o de los servicios que se ofrecen en el mismo, ni responder\u00e1 de su veracidad o exactitud. FREO no controla la utilizaci\u00f3n que los Usuarios hacen del Sitio Web, ni garantiza que lo hagan conforme a lo establecido en el presente Aviso Legal.<\/p>\n<p>A t\u00edtulo enunciativo y no limitativo, los usuarios ser\u00e1n responsables de:<\/p>\n<p>Cualquier contenido introducido por ellos, en particular para los datos e informaci\u00f3n introducidos y enviados a Selvamar a trav\u00e9s del Sitio Web.<\/p>\n<p>Realizar cualquier tipo de actuaci\u00f3n il\u00edcita, lesiva de los derechos de los dem\u00e1s, lesiva y\/o perjudicial.<\/p>\n<p>El suministro de datos inexactos o incorrectos.<\/p>\n<p><strong>ENLACES <\/strong><\/p>\n<p>El sitio web puede incluir enlaces a sitios web de terceros. La funci\u00f3n de los links que puedan aparecer en este Sitio Web es exclusivamente la de informar a los usuarios sobre la existencia de otras fuentes de informaci\u00f3n, donde podr\u00e1 ampliar o completar la informaci\u00f3n ofrecida en este Sitio Web.<\/p>\n<p>Los sitios web de terceros no han sido revisados ni est\u00e1n sujetos a controles por parte de Selvamar, quien no podr\u00e1 ser considerado responsable del contenido de dichos sitios web ni de las medidas que dichos terceros puedan adoptar en relaci\u00f3n con su privacidad o el tratamiento de sus datos personales. Por tanto, Selvamar no asume ninguna responsabilidad derivada de los contenidos enlazados desde este Sitio Web, ni garantiza la ausencia de virus u otros elementos en los mismos que puedan producir alteraciones en el sistema inform\u00e1tico (hardware y software), en los documentos o ficheros del Usuario, con exclusi\u00f3n de cualquier responsabilidad por los da\u00f1os y perjuicios de cualquier naturaleza causados al Usuario por este motivo.<\/p>\n<p>Selvamar recomienda la lectura atenta de los t\u00e9rminos de uso y la pol\u00edtica de privacidad de dichos sitios web de terceros.<\/p>\n<p>En caso de que el Usuario estuviera interesado en incluir un enlace a cualquiera de los Sitios Web de Selvamar, deber\u00e1 comunic\u00e1rselo a Selvamar y obtener el consentimiento expreso para crear dicho enlace. Selvamar se reserva el derecho a oponerse a la activaci\u00f3n de enlaces a su sitio web.<\/p>\n<p><strong>IDIOMA <\/strong><\/p>\n<p>Selvamar podr\u00e1 traducir este Aviso Legal, as\u00ed como su Pol\u00edtica de Privacidad y Cookies, publicada en su Sitio Web. En cualquier caso, la versi\u00f3n en espa\u00f1ol prevalece sobre cualquier traducci\u00f3n.<\/p>\n<p><strong>JURISDICCI\u00d3N <\/strong><\/p>\n<p>El presente Aviso Legal est\u00e1 sujeto a la legislaci\u00f3n espa\u00f1ola vigente. En caso de controversia derivada de la utilizaci\u00f3n de los servicios ofrecidos en este Sitio Web o de sus contenidos, las partes, mediante la aceptaci\u00f3n de lo dispuesto en este Aviso Legal, se someten a los Juzgados y Tribunales competentes de la ciudad de Madrid.<\/p>\n","protected":false},"excerpt":{"rendered":"<p>Aviso Legal IDENTIFICACI\u00d3N DEL TITULAR DE LA WEB El presente Aviso Legal regula el uso del sitio web https:\/\/selvamarcampusempresariales.com (en adelante, el Sitio Web), del que es titular: Datos registrales:&#8230;<\/p>\n","protected":false},"author":1,"featured_media":0,"parent":0,"menu_order":0,"comment_status":"closed","ping_status":"closed","template":"page-legales.php","meta":{"inline_featured_image":false},"_links":{"self":[{"href":"https:\/\/selvamarbusinesscampus.com\/es\/wp-json\/wp\/v2\/pages\/6811"}],"collection":[{"href":"https:\/\/selvamarbusinesscampus.com\/es\/wp-json\/wp\/v2\/pages"}],"about":[{"href":"https:\/\/selvamarbusinesscampus.com\/es\/wp-json\/wp\/v2\/types\/page"}],"author":[{"embeddable":true,"href":"https:\/\/selvamarbusinesscampus.com\/es\/wp-json\/wp\/v2\/users\/1"}],"replies":[{"embeddable":true,"href":"https:\/\/selvamarbusinesscampus.com\/es\/wp-json\/wp\/v2\/comments?post=6811"}],"version-history":[{"count":9,"href":"https:\/\/selvamarbusinesscampus.com\/es\/wp-json\/wp\/v2\/pages\/6811\/revisions"}],"predecessor-version":[{"id":7243,"href":"https:\/\/selvamarbusinesscampus.com\/es\/wp-json\/wp\/v2\/pages\/6811\/revisions\/7243"}],"wp:attachment":[{"href":"https:\/\/selvamarbusinesscampus.com\/es\/wp-json\/wp\/v2\/media?parent=6811"}],"curies":[{"name":"wp","href":"https:\/\/api.w.org\/{rel}","templated":true}]}}