{"id":6823,"date":"2022-05-02T11:39:07","date_gmt":"2022-05-02T10:39:07","guid":{"rendered":"https:\/\/selvamarbusinesscampus.com\/selvamar\/cookies-policy\/"},"modified":"2022-07-19T14:00:49","modified_gmt":"2022-07-19T13:00:49","slug":"cookies-policy","status":"publish","type":"page","link":"https:\/\/selvamarbusinesscampus.com\/es\/cookies-policy\/","title":{"rendered":"Pol\u00edtica de cookies"},"content":{"rendered":"[vc_row type=\u00bbin_container\u00bb full_screen_row_position=\u00bbmiddle\u00bb column_margin=\u00bbdefault\u00bb column_direction=\u00bbdefault\u00bb column_direction_tablet=\u00bbdefault\u00bb column_direction_phone=\u00bbdefault\u00bb scene_position=\u00bbcenter\u00bb text_color=\u00bbdark\u00bb text_align=\u00bbleft\u00bb row_border_radius=\u00bbnone\u00bb row_border_radius_applies=\u00bbbg\u00bb overlay_strength=\u00bb0.3&#8243; gradient_direction=\u00bbleft_to_right\u00bb shape_divider_position=\u00bbbottom\u00bb bg_image_animation=\u00bbnone\u00bb][vc_column column_padding=\u00bbno-extra-padding\u00bb column_padding_tablet=\u00bbinherit\u00bb column_padding_phone=\u00bbinherit\u00bb column_padding_position=\u00bball\u00bb column_element_spacing=\u00bbdefault\u00bb background_color_opacity=\u00bb1&#8243; background_hover_color_opacity=\u00bb1&#8243; column_shadow=\u00bbnone\u00bb column_border_radius=\u00bbnone\u00bb column_link_target=\u00bb_self\u00bb gradient_direction=\u00bbleft_to_right\u00bb overlay_strength=\u00bb0.3&#8243; width=\u00bb1\/1&#8243; tablet_width_inherit=\u00bbdefault\u00bb tablet_text_alignment=\u00bbdefault\u00bb phone_text_alignment=\u00bbdefault\u00bb bg_image_animation=\u00bbnone\u00bb border_type=\u00bbsimple\u00bb column_border_width=\u00bbnone\u00bb column_border_style=\u00bbsolid\u00bb][vc_column_text]\n<h2 style=\"text-align: center;\">Pol\u00edtica de cookies<\/h2>\n<p><strong>ACERCA DE LAS COOKIES<\/strong><\/p>\n<p>Las cookies son peque\u00f1os archivos de texto que las p\u00e1ginas web pueden utilizar para almacenar y recuperar datos mientras navegas.<\/p>\n<p>La Ley afirma que podemos almacenar cookies en su dispositivo si son estrictamente necesarias para el funcionamiento de esta p\u00e1gina. Para todos los dem\u00e1s tipos de cookies necesitamos su consentimiento para poder almacenar las cookies en su dispositivo. Esta p\u00e1gina utiliza diferentes tipos de cookies. Algunas de las cuales son proporcionadas por servicios de terceros que aparecen en nuestras p\u00e1ginas.<\/p>\n<p>IDENTIFICACI\u00d3N DE COOKIES UTILIZADAS<\/p>\n<p>A continuaci\u00f3n, se realiza una clasificaci\u00f3n de las cookies por categor\u00edas. No obstante, hay que tener en cuenta que en ocasiones una misma cookie puede incluirse en varias categor\u00edas:<\/p>\n<ol>\n<li>Seg\u00fan la entidad que las gestione<\/li>\n<\/ol>\n<ul>\n<li><strong>Cookies propias:<\/strong>\u00a0Son aqu\u00e9llas que se env\u00edan al equipo terminal del usuario desde un equipo o dominio gestionado por el propio editor y desde el que se presta el servicio solicitado por el usuario.<\/li>\n<li><strong>Cookies de tercero:<\/strong>\u00a0Son aqu\u00e9llas que se env\u00edan al equipo terminal del usuario desde un equipo o dominio que no es gestionado por el editor, sino por otra entidad que trata los datos obtenidos trav\u00e9s de las cookies.<\/li>\n<\/ul>\n<ol start=\"2\">\n<li>Seg\u00fan el tiempo que permanecen activas:<\/li>\n<\/ol>\n<ul>\n<li><strong>Cookies de sesi\u00f3n:<\/strong>\u00a0Recaban y almacenan datos mientras el usuario accede y permanece en una p\u00e1gina web.<\/li>\n<li><strong>Cookies persistentes:<\/strong>\u00a0Son las que tienen un plazo de caducidad de un m\u00e1ximo de 2 a\u00f1os desde la fecha de creaci\u00f3n, lo que significa que durante ese tiempo los datos seguir\u00e1n almacenados en el terminal, pudiendo ser accedidos y tratados.<\/li>\n<\/ul>\n<ol start=\"3\">\n<li>Seg\u00fan la finalidad para la que se traten los datos obtenidos a trav\u00e9s de las cookies<\/li>\n<\/ol>\n<ul>\n<li><strong>Cookies necesarias:<\/strong>\u00a0Las cookies necesarias ayudan a hacer una p\u00e1gina web utilizable activando funciones b\u00e1sicas como la navegaci\u00f3n en la p\u00e1gina y el acceso a \u00e1reas seguras de la p\u00e1gina web. La p\u00e1gina web no puede funcionar adecuadamente sin estas cookies.<\/li>\n<li><strong>Cookies de preferencias: <\/strong>Las cookies de preferencias permiten a la p\u00e1gina web recordar informaci\u00f3n que cambia la forma en que la p\u00e1gina se comporta o el aspecto que tiene, como su idioma preferido o la regi\u00f3n en la que usted se encuentra.<\/li>\n<li><strong>Cookies de funcionales:\u00a0<\/strong>Las cookies funcionales ayudan a realizar ciertas funciones, como compartir el contenido del sitio web en plataformas de redes sociales, recopilar comentarios y otras funciones de terceros.<\/li>\n<li><strong>Cookies de Marketing:<\/strong>\u00a0Las cookies de marketing se utilizan para rastrear a los visitantes en las p\u00e1ginas web. La intenci\u00f3n es mostrar anuncios relevantes y atractivos para el usuario individual y, por lo tanto, m\u00e1s valiosos para los editores y terceros anunciantes.<\/li>\n<li><strong>Cookies estad\u00edsticas:<\/strong>\u00a0Las cookies estad\u00edsticas ayudan a los propietarios de p\u00e1ginas web a comprender c\u00f3mo interact\u00faan los visitantes con las p\u00e1ginas web reuniendo y proporcionando informaci\u00f3n de forma an\u00f3nima.<\/li>\n<li><strong>Cookies no clasificadas:<\/strong>\u00a0Las cookies no clasificadas son cookies para las que todav\u00eda estamos en proceso de clasificar, junto con los proveedores de cookies individuales.<\/li>\n<\/ul>\n<p><strong>DESACTIVACI\u00d3N DE COOKIES<\/strong><\/p>\n<p>Adicionalmente usted puede permitir, bloquear o eliminar las cookies instaladas en su equipo mediante la configuraci\u00f3n de las opciones del navegador instalado en su ordenador. No obstante, le recordamos que, en el caso de que decida cambiar la configuraci\u00f3n de las cookies, el servicio prestado a trav\u00e9s de los diferentes websites podr\u00eda verse afectado parcial o totalmente.<\/p>\n<p>Por favor, lea atentamente la secci\u00f3n de ayuda de su navegador para conocer m\u00e1s acerca de c\u00f3mo activar el \u201cmodo privado\u201d o desbloquear determinadas cookies.<\/p>\n<ul>\n<li><strong>Internet Explorer:<\/strong>\u00a0Puede consultar el\u00a0<a href=\"https:\/\/support.microsoft.com\/es-es\/help\/17442\/windows-internet-explorer-delete-manage-cookies\">soporte de Microsoft<\/a>\u00a0o la Ayuda del navegador.<\/li>\n<li><strong>Firefox:<\/strong>\u00a0Puede consultar el\u00a0<a href=\"https:\/\/support.mozilla.org\/es\/kb\/habilitar-y-deshabilitar-cookies-sitios-web-rastrear-preferencias\">soporte de Mozilla<\/a>\u00a0o la Ayuda del navegador.<\/li>\n<li><strong>Chrome:<\/strong>\u00a0Puede consultar el\u00a0<a href=\"https:\/\/support.google.com\/chrome\/answer\/95647?co=GENIE.Platform%3DDesktop&amp;hl=es\">soporte de Google<\/a>\u00a0o la Ayuda del navegador.<\/li>\n<li><strong>Safari:<\/strong>\u00a0Puede consultar el\u00a0<a href=\"https:\/\/support.apple.com\/es-es\/guide\/safari\/sfri11471\/mac\">soporte de Apple<\/a>\u00a0o la Ayuda del navegador.<\/li>\n<\/ul>\n<p>El Responsable de la p\u00e1gina web desea poner de manifiesto que la variaci\u00f3n de las cookies que aparezcan en esta web puede no estar relacionada con la gesti\u00f3n y el mantenimiento de la misma, por lo que se llevan a cabo revisiones peri\u00f3dicas para adecuar su pol\u00edtica de cookies.<\/p>\n<p>El Responsable de la p\u00e1gina web no asume ninguna responsabilidad por problemas legales o t\u00e9cnicos causados por el incumplimiento por parte del Usuario de las recomendaciones incluidas. Esta comunicaci\u00f3n se realiza para el conocimiento y uso de los usuarios, por consiguiente, no debe utilizarse para ninguna otra finalidad. De igual forma, no se hace responsable del contenido y veracidad de las pol\u00edticas de privacidad de los terceros incluidas en esta pol\u00edtica de cookies.<\/p>\n<p><strong>ACTUALIZACIONES Y CAMBIOS EN LA POL\u00cdTICA DE COOKIES<\/strong><\/p>\n<p>Se podr\u00e1 modificar esta Pol\u00edtica de Cookies en funci\u00f3n de exigencias legislativas, reglamentarias, o con la finalidad de adaptar dicha pol\u00edtica a las instrucciones dictadas por la autoridad de control, Agencia Espa\u00f1ola de Protecci\u00f3n de Datos, por ello se aconseja a los Usuarios que la visiten peri\u00f3dicamente.<\/p>\n<p>Puede obtener m\u00e1s informaci\u00f3n sobre qui\u00e9nes somos, como puede contactarnos y c\u00f3mo procesamos los datos personales en nuestra\u00a0<em><a href=\"https:\/\/selvamarbusinesscampus.com\/es\/privacy-policy\/\">Pol\u00edtica de Privacidad<\/a><\/em><\/p>\n<p><strong>En cualquier momento puede cambiar o retirar su consentimiento desde la Declaraci\u00f3n de cookies en nuestro sitio web.<\/strong><\/p>\n<p><a href=\"https:\/\/selvamarbusinesscampus.com\/es\/cookies-settings\/\">Declaraci\u00f3n de Cookies<\/a><\/p>\n<h5>Cookies necesarias<\/h5>\n<table class=\"cookielawinfo-row-cat-table cookielawinfo-winter\"><thead><tr><th class=\"cookielawinfo-column-1\">Cookie<\/th><th class=\"cookielawinfo-column-3\">Duraci\u00f3n<\/th><th class=\"cookielawinfo-column-4\">Descripci\u00f3n<\/th><\/tr><\/thead><tbody><tr class=\"cookielawinfo-row\"><td class=\"cookielawinfo-column-1\">cookielawinfo-checkbox-advertisement<\/td><td class=\"cookielawinfo-column-3\">1 year<\/td><td class=\"cookielawinfo-column-4\">Establecida por el complemento de consentimiento de cookies de GDPR, esta cookie se utiliza para registrar el consentimiento del usuario para las cookies en la categor\u00eda \"Marketing\".<\/td><\/tr><tr class=\"cookielawinfo-row\"><td class=\"cookielawinfo-column-1\">cookielawinfo-checkbox-analytics<\/td><td class=\"cookielawinfo-column-3\">11 months<\/td><td class=\"cookielawinfo-column-4\">Esta cookie est\u00e1 configurada por el complemento de consentimiento de cookies de GDPR. Las cookies se utilizan para almacenar el consentimiento del usuario para las cookies en la categor\u00eda \"Analytics\".<\/td><\/tr><tr class=\"cookielawinfo-row\"><td class=\"cookielawinfo-column-1\">cookielawinfo-checkbox-functional<\/td><td class=\"cookielawinfo-column-3\">11 months<\/td><td class=\"cookielawinfo-column-4\">Esta cookie est\u00e1 configurada por el complemento de consentimiento de cookies de GDPR. Las cookies se utilizan para almacenar el consentimiento del usuario para las cookies en la categor\u00eda \"Functional\".<\/td><\/tr><tr class=\"cookielawinfo-row\"><td class=\"cookielawinfo-column-1\">cookielawinfo-checkbox-necessary<\/td><td class=\"cookielawinfo-column-3\">11 months<\/td><td class=\"cookielawinfo-column-4\">Esta cookie est\u00e1 configurada por el complemento de consentimiento de cookies de GDPR. Las cookies se utilizan para almacenar el consentimiento del usuario para las cookies en la categor\u00eda \"Necessary\".<\/td><\/tr><tr class=\"cookielawinfo-row\"><td class=\"cookielawinfo-column-1\">cookielawinfo-checkbox-others<\/td><td class=\"cookielawinfo-column-3\">11 months<\/td><td class=\"cookielawinfo-column-4\">Esta cookie est\u00e1 configurada por el complemento de consentimiento de cookies de GDPR. Las cookies se utilizan para almacenar el consentimiento del usuario para las cookies en la categor\u00eda \"Other.<\/td><\/tr><tr class=\"cookielawinfo-row\"><td class=\"cookielawinfo-column-1\">cookielawinfo-checkbox-performance<\/td><td class=\"cookielawinfo-column-3\">11 months<\/td><td class=\"cookielawinfo-column-4\">Esta cookie est\u00e1 configurada por el complemento de consentimiento de cookies de GDPR. Las cookies se utilizan para almacenar el consentimiento del usuario para las cookies en la categor\u00eda \"Performance\".<\/td><\/tr><tr class=\"cookielawinfo-row\"><td class=\"cookielawinfo-column-1\">CookieLawInfoConsent<\/td><td class=\"cookielawinfo-column-3\">1 year<\/td><td class=\"cookielawinfo-column-4\">Registra el estado del bot\u00f3n predeterminado de la categor\u00eda correspondiente &amp; el estado de CCPA. Funciona solo en coordinaci\u00f3n con la cookie principal.<\/td><\/tr><tr class=\"cookielawinfo-row\"><td class=\"cookielawinfo-column-1\">viewed_cookie_policy<\/td><td class=\"cookielawinfo-column-3\">11 months<\/td><td class=\"cookielawinfo-column-4\">La cookie est\u00e1 configurada por el complemento de consentimiento de cookies de GDPR y se utiliza para almacenar si el usuario ha dado su consentimiento o no para el uso de cookies. No almacena ning\u00fan dato personal.<\/td><\/tr><\/tbody><\/table>\n<h5>Cookies funcionales<\/h5>\n<table class=\"cookielawinfo-row-cat-table cookielawinfo-winter\"><thead><tr><th class=\"cookielawinfo-column-1\">Cookie<\/th><th class=\"cookielawinfo-column-3\">Duraci\u00f3n<\/th><th class=\"cookielawinfo-column-4\">Descripci\u00f3n<\/th><\/tr><\/thead><tbody><tr class=\"cookielawinfo-row\"><td class=\"cookielawinfo-column-1\">__cf_bm<\/td><td class=\"cookielawinfo-column-3\">30 minutes<\/td><td class=\"cookielawinfo-column-4\">Esta cookie, configurada por Cloudflare, se utiliza para admitir la gesti\u00f3n de bots de Cloudflare.<\/td><\/tr><tr class=\"cookielawinfo-row\"><td class=\"cookielawinfo-column-1\">aka_debug<\/td><td class=\"cookielawinfo-column-3\">session<\/td><td class=\"cookielawinfo-column-4\">\r\nVimeo establece esta cookie que es esencial para que el sitio web reproduzca la funcionalidad de video.<\/td><\/tr><\/tbody><\/table>\n<h5>Cookies de preferencia<\/h5>\n<table class=\"cookielawinfo-row-cat-table cookielawinfo-winter\"><thead><tr><th class=\"cookielawinfo-column-1\">Cookie<\/th><th class=\"cookielawinfo-column-3\">Duraci\u00f3n<\/th><th class=\"cookielawinfo-column-4\">Descripci\u00f3n<\/th><\/tr><\/thead><tbody><tr class=\"cookielawinfo-row\"><td class=\"cookielawinfo-column-1\">wp-wpml_current_language<\/td><td class=\"cookielawinfo-column-3\">session<\/td><td class=\"cookielawinfo-column-4\">No hay descripci\u00f3n disponible.<\/td><\/tr><\/tbody><\/table>\n<h5>Statistic cookies<\/h5>\n<table class=\"cookielawinfo-row-cat-table cookielawinfo-winter\"><thead><tr><th class=\"cookielawinfo-column-1\">Cookie<\/th><th class=\"cookielawinfo-column-3\">Duraci\u00f3n<\/th><th class=\"cookielawinfo-column-4\">Descripci\u00f3n<\/th><\/tr><\/thead><tbody><tr class=\"cookielawinfo-row\"><td class=\"cookielawinfo-column-1\">_ga<\/td><td class=\"cookielawinfo-column-3\">2 years<\/td><td class=\"cookielawinfo-column-4\">La cookie _ga, instalada por Google Analytics, calcula los datos de visitantes, sesiones y campa\u00f1as y tambi\u00e9n realiza un seguimiento del uso del sitio para el informe anal\u00edtico del sitio. La cookie almacena informaci\u00f3n de forma an\u00f3nima y asigna un n\u00famero generado aleatoriamente para reconocer a visitantes \u00fanicos.<\/td><\/tr><tr class=\"cookielawinfo-row\"><td class=\"cookielawinfo-column-1\">_ga_6N5K94L5CD<\/td><td class=\"cookielawinfo-column-3\">2 years<\/td><td class=\"cookielawinfo-column-4\">Esta cookie es instalada por Google Analytics.<\/td><\/tr><tr class=\"cookielawinfo-row\"><td class=\"cookielawinfo-column-1\">vuid<\/td><td class=\"cookielawinfo-column-3\">2 years<\/td><td class=\"cookielawinfo-column-4\">Vimeo instala esta cookie para recopilar informaci\u00f3n de seguimiento al establecer una identificaci\u00f3n \u00fanica para insertar videos en el sitio web.\r\n<\/td><\/tr><\/tbody><\/table>\n<p><em><br \/>\nActualizaci\u00f3n, julio de 2022<\/em>[\/vc_column_text][\/vc_column][\/vc_row]\n","protected":false},"excerpt":{"rendered":"<p>[vc_row type=\u00bbin_container\u00bb full_screen_row_position=\u00bbmiddle\u00bb column_margin=\u00bbdefault\u00bb column_direction=\u00bbdefault\u00bb column_direction_tablet=\u00bbdefault\u00bb column_direction_phone=\u00bbdefault\u00bb scene_position=\u00bbcenter\u00bb text_color=\u00bbdark\u00bb text_align=\u00bbleft\u00bb row_border_radius=\u00bbnone\u00bb row_border_radius_applies=\u00bbbg\u00bb overlay_strength=\u00bb0.3&#8243; gradient_direction=\u00bbleft_to_right\u00bb shape_divider_position=\u00bbbottom\u00bb bg_image_animation=\u00bbnone\u00bb][vc_column column_padding=\u00bbno-extra-padding\u00bb column_padding_tablet=\u00bbinherit\u00bb column_padding_phone=\u00bbinherit\u00bb column_padding_position=\u00bball\u00bb column_element_spacing=\u00bbdefault\u00bb background_color_opacity=\u00bb1&#8243; background_hover_color_opacity=\u00bb1&#8243; column_shadow=\u00bbnone\u00bb column_border_radius=\u00bbnone\u00bb column_link_target=\u00bb_self\u00bb gradient_direction=\u00bbleft_to_right\u00bb overlay_strength=\u00bb0.3&#8243; width=\u00bb1\/1&#8243; tablet_width_inherit=\u00bbdefault\u00bb&#8230;<\/p>\n","protected":false},"author":1,"featured_media":0,"parent":0,"menu_order":0,"comment_status":"closed","ping_status":"closed","template":"page-legales.php","meta":{"inline_featured_image":false},"_links":{"self":[{"href":"https:\/\/selvamarbusinesscampus.com\/es\/wp-json\/wp\/v2\/pages\/6823"}],"collection":[{"href":"https:\/\/selvamarbusinesscampus.com\/es\/wp-json\/wp\/v2\/pages"}],"about":[{"href":"https:\/\/selvamarbusinesscampus.com\/es\/wp-json\/wp\/v2\/types\/page"}],"author":[{"embeddable":true,"href":"https:\/\/selvamarbusinesscampus.com\/es\/wp-json\/wp\/v2\/users\/1"}],"replies":[{"embeddable":true,"href":"https:\/\/selvamarbusinesscampus.com\/es\/wp-json\/wp\/v2\/comments?post=6823"}],"version-history":[{"count":17,"href":"https:\/\/selvamarbusinesscampus.com\/es\/wp-json\/wp\/v2\/pages\/6823\/revisions"}],"predecessor-version":[{"id":7366,"href":"https:\/\/selvamarbusinesscampus.com\/es\/wp-json\/wp\/v2\/pages\/6823\/revisions\/7366"}],"wp:attachment":[{"href":"https:\/\/selvamarbusinesscampus.com\/es\/wp-json\/wp\/v2\/media?parent=6823"}],"curies":[{"name":"wp","href":"https:\/\/api.w.org\/{rel}","templated":true}]}}